{"id":4533,"date":"2020-01-31T15:02:04","date_gmt":"2020-01-31T14:02:04","guid":{"rendered":"https:\/\/www.rotomade.com\/?page_id=4533"},"modified":"2020-02-25T14:58:18","modified_gmt":"2020-02-25T13:58:18","slug":"kunststoffbau","status":"publish","type":"page","link":"https:\/\/www.rotomade.com\/de\/kunststoffbau\/","title":{"rendered":"Kunststoffbau"},"content":{"rendered":"\t\t<div data-elementor-type=\"wp-page\" data-elementor-id=\"4533\" class=\"elementor elementor-4533\" data-elementor-post-type=\"page\">\n\t\t\t\t\t\t\t\t\t<section class=\"elementor-section elementor-top-section elementor-element elementor-element-8f3e4e1 elementor-section-stretched elementor-section-boxed elementor-section-height-default elementor-section-height-default\" data-id=\"8f3e4e1\" data-element_type=\"section\" data-settings=\"{&quot;stretch_section&quot;:&quot;section-stretched&quot;,&quot;background_background&quot;:&quot;classic&quot;,&quot;shape_divider_bottom&quot;:&quot;arrow&quot;}\">\n\t\t\t\t\t<div class=\"elementor-shape elementor-shape-bottom\" data-negative=\"false\">\n\t\t\t<svg xmlns=\"http:\/\/www.w3.org\/2000\/svg\" viewBox=\"0 0 700 10\" preserveAspectRatio=\"none\">\n\t<path class=\"elementor-shape-fill\" d=\"M350,10L340,0h20L350,10z\"\/>\n<\/svg>\t\t<\/div>\n\t\t\t\t\t<div class=\"elementor-container elementor-column-gap-default\">\n\t\t\t\t\t<div class=\"elementor-column elementor-col-100 elementor-top-column elementor-element elementor-element-1ff97063\" data-id=\"1ff97063\" data-element_type=\"column\">\n\t\t\t<div class=\"elementor-widget-wrap elementor-element-populated\">\n\t\t\t\t\t\t\t\t<div class=\"elementor-element elementor-element-3de370a0 elementor-widget elementor-widget-spacer\" data-id=\"3de370a0\" data-element_type=\"widget\" data-widget_type=\"spacer.default\">\n\t\t\t\t<div class=\"elementor-widget-container\">\n\t\t\t\t\t<div class=\"elementor-spacer\">\n\t\t\t<div class=\"elementor-spacer-inner\"><\/div>\n\t\t<\/div>\n\t\t\t\t<\/div>\n\t\t\t\t<\/div>\n\t\t\t\t<div class=\"elementor-element elementor-element-289a5ff9 elementor-widget elementor-widget-heading\" data-id=\"289a5ff9\" data-element_type=\"widget\" data-widget_type=\"heading.default\">\n\t\t\t\t<div class=\"elementor-widget-container\">\n\t\t\t<h1 class=\"elementor-heading-title elementor-size-default\">Auf Ma\u00df gebaute Tanks und Zisternen f\u00fcr technisches Equipment.<\/h1>\t\t<\/div>\n\t\t\t\t<\/div>\n\t\t\t\t<div class=\"elementor-element elementor-element-38f22833 elementor-widget elementor-widget-text-editor\" data-id=\"38f22833\" data-element_type=\"widget\" data-widget_type=\"text-editor.default\">\n\t\t\t\t<div class=\"elementor-widget-container\">\n\t\t\t\t\t\t\t<h2 style=\"font-size:18px;line-height:28px !important;\">Je nach Umfang und Anforderung, egal ob vom Prototyp oder nach vorhandener technischer Zeichnung, \u00fcbernehmen wir Ihr Projekt, pr\u00fcfen die Fertigungsm\u00f6glichkeiten und bieten Ihnen die technisch geeignetste L\u00f6sung an. Wir fertigen f\u00fcr Sie einzelne Bauteile oder Serien.<\/h2>\t\t\t\t\t\t<\/div>\n\t\t\t\t<\/div>\n\t\t\t\t<div class=\"elementor-element elementor-element-228e3f1c elementor-widget elementor-widget-spacer\" data-id=\"228e3f1c\" data-element_type=\"widget\" data-widget_type=\"spacer.default\">\n\t\t\t\t<div class=\"elementor-widget-container\">\n\t\t\t\t\t<div class=\"elementor-spacer\">\n\t\t\t<div class=\"elementor-spacer-inner\"><\/div>\n\t\t<\/div>\n\t\t\t\t<\/div>\n\t\t\t\t<\/div>\n\t\t\t\t\t<\/div>\n\t\t<\/div>\n\t\t\t\t\t\t\t<\/div>\n\t\t<\/section>\n\t\t\t\t<section class=\"elementor-section elementor-top-section elementor-element elementor-element-461a90d8 elementor-section-boxed elementor-section-height-default elementor-section-height-default\" data-id=\"461a90d8\" data-element_type=\"section\">\n\t\t\t\t\t\t<div class=\"elementor-container elementor-column-gap-default\">\n\t\t\t\t\t<div class=\"elementor-column elementor-col-100 elementor-top-column elementor-element elementor-element-3d5b50ae\" data-id=\"3d5b50ae\" data-element_type=\"column\">\n\t\t\t<div class=\"elementor-widget-wrap elementor-element-populated\">\n\t\t\t\t\t\t\t\t<div class=\"elementor-element elementor-element-6faa3947 elementor-widget elementor-widget-spacer\" data-id=\"6faa3947\" data-element_type=\"widget\" data-widget_type=\"spacer.default\">\n\t\t\t\t<div class=\"elementor-widget-container\">\n\t\t\t\t\t<div class=\"elementor-spacer\">\n\t\t\t<div class=\"elementor-spacer-inner\"><\/div>\n\t\t<\/div>\n\t\t\t\t<\/div>\n\t\t\t\t<\/div>\n\t\t\t\t\t<\/div>\n\t\t<\/div>\n\t\t\t\t\t\t\t<\/div>\n\t\t<\/section>\n\t\t\t\t<section class=\"elementor-section elementor-top-section elementor-element elementor-element-5a0222f2 elementor-section-boxed elementor-section-height-default elementor-section-height-default\" data-id=\"5a0222f2\" data-element_type=\"section\">\n\t\t\t\t\t\t<div class=\"elementor-container elementor-column-gap-default\">\n\t\t\t\t\t<div class=\"elementor-column elementor-col-66 elementor-top-column elementor-element elementor-element-4f35efba\" data-id=\"4f35efba\" data-element_type=\"column\">\n\t\t\t<div class=\"elementor-widget-wrap elementor-element-populated\">\n\t\t\t\t\t\t\t\t<div class=\"elementor-element elementor-element-19522b6 elementor-widget elementor-widget-image\" data-id=\"19522b6\" data-element_type=\"widget\" data-widget_type=\"image.default\">\n\t\t\t\t<div class=\"elementor-widget-container\">\n\t\t\t\t\t\t\t\t\t\t\t\t\t\t\t<img width=\"300\" height=\"300\" src=\"https:\/\/www.rotomade.com\/wp-content\/uploads\/2020\/01\/Plastic-Welding-723x1030-1-300x300.jpg\" class=\"attachment-medium size-medium wp-image-4104\" alt=\"Soudure-plastique-chaudronnerie\" loading=\"lazy\" srcset=\"https:\/\/www.rotomade.com\/wp-content\/uploads\/2020\/01\/Plastic-Welding-723x1030-1-300x300.jpg 300w, https:\/\/www.rotomade.com\/wp-content\/uploads\/2020\/01\/Plastic-Welding-723x1030-1-80x80.jpg 80w, https:\/\/www.rotomade.com\/wp-content\/uploads\/2020\/01\/Plastic-Welding-723x1030-1.jpg 723w\" sizes=\"(max-width: 300px) 100vw, 300px\" \/>\t\t\t\t\t\t\t\t\t\t\t\t\t\t\t<\/div>\n\t\t\t\t<\/div>\n\t\t\t\t\t<\/div>\n\t\t<\/div>\n\t\t\t\t<div class=\"elementor-column elementor-col-33 elementor-top-column elementor-element elementor-element-bd40634\" data-id=\"bd40634\" data-element_type=\"column\">\n\t\t\t<div class=\"elementor-widget-wrap elementor-element-populated\">\n\t\t\t\t\t\t\t\t<div class=\"elementor-element elementor-element-623de74b elementor-widget elementor-widget-heading\" data-id=\"623de74b\" data-element_type=\"widget\" data-widget_type=\"heading.default\">\n\t\t\t\t<div class=\"elementor-widget-container\">\n\t\t\t<h3 class=\"elementor-heading-title elementor-size-default\">Vorstudie Ihres Projektes im Kunststoffschwei\u00dfen<\/h3>\t\t<\/div>\n\t\t\t\t<\/div>\n\t\t\t\t<div class=\"elementor-element elementor-element-793ee537 elementor-widget elementor-widget-text-editor\" data-id=\"793ee537\" data-element_type=\"widget\" data-widget_type=\"text-editor.default\">\n\t\t\t\t<div class=\"elementor-widget-container\">\n\t\t\t\t\t\t\t<p>Unser spezialisiertes <a href=\"https:\/\/www.rotomade.com\/de\/planungsburo\/\">Fachb\u00fcro<\/a> begleitet Sie in der Studie Ihres Projektes f\u00fcr auf Mass zugechnittene kleine oder mittelgrosse, technische Bauteile im <strong>Kunststoffschwei\u00dfen<\/strong>.<\/p>\t\t\t\t\t\t<\/div>\n\t\t\t\t<\/div>\n\t\t\t\t<div class=\"elementor-element elementor-element-135167e elementor-align-left elementor-widget elementor-widget-button\" data-id=\"135167e\" data-element_type=\"widget\" data-widget_type=\"button.default\">\n\t\t\t\t<div class=\"elementor-widget-container\">\n\t\t\t\t\t<div class=\"elementor-button-wrapper\">\n\t\t\t<a class=\"elementor-button elementor-button-link elementor-size-lg elementor-animation-shrink\" href=\"https:\/\/www.rotomade.com\/de\/kontakt\/\">\n\t\t\t\t\t\t<span class=\"elementor-button-content-wrapper\">\n\t\t\t\t\t\t<span class=\"elementor-button-text\">Hier geht's zur Preisanfrage<\/span>\n\t\t<\/span>\n\t\t\t\t\t<\/a>\n\t\t<\/div>\n\t\t\t\t<\/div>\n\t\t\t\t<\/div>\n\t\t\t\t\t<\/div>\n\t\t<\/div>\n\t\t\t\t\t\t\t<\/div>\n\t\t<\/section>\n\t\t\t\t<section class=\"elementor-section elementor-top-section elementor-element elementor-element-3df43d32 elementor-section-boxed elementor-section-height-default elementor-section-height-default\" data-id=\"3df43d32\" data-element_type=\"section\">\n\t\t\t\t\t\t<div class=\"elementor-container elementor-column-gap-default\">\n\t\t\t\t\t<div class=\"elementor-column elementor-col-100 elementor-top-column elementor-element elementor-element-4b3cb2ab\" data-id=\"4b3cb2ab\" data-element_type=\"column\">\n\t\t\t<div class=\"elementor-widget-wrap elementor-element-populated\">\n\t\t\t\t\t\t\t\t<div class=\"elementor-element elementor-element-7f481444 elementor-widget elementor-widget-spacer\" data-id=\"7f481444\" data-element_type=\"widget\" data-widget_type=\"spacer.default\">\n\t\t\t\t<div class=\"elementor-widget-container\">\n\t\t\t\t\t<div class=\"elementor-spacer\">\n\t\t\t<div class=\"elementor-spacer-inner\"><\/div>\n\t\t<\/div>\n\t\t\t\t<\/div>\n\t\t\t\t<\/div>\n\t\t\t\t<div class=\"elementor-element elementor-element-5a81fa95 elementor-widget elementor-widget-heading\" data-id=\"5a81fa95\" data-element_type=\"widget\" data-widget_type=\"heading.default\">\n\t\t\t\t<div class=\"elementor-widget-container\">\n\t\t\t<h3 class=\"elementor-heading-title elementor-size-default\">Herstellung von Kunststoffteilen aller Art<\/h3>\t\t<\/div>\n\t\t\t\t<\/div>\n\t\t\t\t<div class=\"elementor-element elementor-element-7b117eb7 elementor-widget elementor-widget-text-editor\" data-id=\"7b117eb7\" data-element_type=\"widget\" data-widget_type=\"text-editor.default\">\n\t\t\t\t<div class=\"elementor-widget-container\">\n\t\t\t\t\t\t\t<p>Wir beherrschen die unterschiedlichsten und spezifischsten\u00a0 Arbeitsg\u00e4nge wie das Abkanten, Rohkunststoffverarbeitung, thermische Verarbeitung sowie das Verschwei\u00dfen und Formen von Kunststoffplatten, -bl\u00e4ttern oder -rohren.<\/p>\n<p>Beispiele vom <strong>Kunststoffformteilen<\/strong> und Hohlk\u00f6rpern: Beh\u00e4lter, Aufbewahrungsbeh\u00e4lter, Auffangbeh\u00e4lter,\u00a0 Automobilabdeckungen, \u2026<\/p>\t\t\t\t\t\t<\/div>\n\t\t\t\t<\/div>\n\t\t\t\t\t<\/div>\n\t\t<\/div>\n\t\t\t\t\t\t\t<\/div>\n\t\t<\/section>\n\t\t\t\t<section class=\"elementor-section elementor-top-section elementor-element elementor-element-adc9c24 elementor-section-boxed elementor-section-height-default elementor-section-height-default\" data-id=\"adc9c24\" data-element_type=\"section\">\n\t\t\t\t\t\t<div class=\"elementor-container elementor-column-gap-default\">\n\t\t\t\t\t<div class=\"elementor-column elementor-col-100 elementor-top-column elementor-element elementor-element-dca466d\" data-id=\"dca466d\" data-element_type=\"column\">\n\t\t\t<div class=\"elementor-widget-wrap elementor-element-populated\">\n\t\t\t\t\t\t\t\t<div class=\"elementor-element elementor-element-8fcde9f elementor-widget elementor-widget-spacer\" data-id=\"8fcde9f\" data-element_type=\"widget\" data-widget_type=\"spacer.default\">\n\t\t\t\t<div class=\"elementor-widget-container\">\n\t\t\t\t\t<div class=\"elementor-spacer\">\n\t\t\t<div class=\"elementor-spacer-inner\"><\/div>\n\t\t<\/div>\n\t\t\t\t<\/div>\n\t\t\t\t<\/div>\n\t\t\t\t<div class=\"elementor-element elementor-element-653bae6 elementor-widget elementor-widget-heading\" data-id=\"653bae6\" data-element_type=\"widget\" data-widget_type=\"heading.default\">\n\t\t\t\t<div class=\"elementor-widget-container\">\n\t\t\t<h3 class=\"elementor-heading-title elementor-size-default\">Veredelung, Montage, Verpackung und Auslieferung<\/h3>\t\t<\/div>\n\t\t\t\t<\/div>\n\t\t\t\t<div class=\"elementor-element elementor-element-04095fd elementor-widget elementor-widget-text-editor\" data-id=\"04095fd\" data-element_type=\"widget\" data-widget_type=\"text-editor.default\">\n\t\t\t\t<div class=\"elementor-widget-container\">\n\t\t\t\t\t\t\t<p>Nach der <a href=\"https:\/\/www.rotomade.com\/de\/fertigung\/\">Fertigung<\/a> k\u00f6nnen wir die Einzelteile liefern oder diese f\u00fcr Sie zusammensetzen. Eine sichere und zuverl\u00e4ssige Verpackung ist selbstverst\u00e4ndlich. Auch die Auslieferung k\u00f6nnen wir f\u00fcr Sie \u00fcbernehmen.<\/p>\t\t\t\t\t\t<\/div>\n\t\t\t\t<\/div>\n\t\t\t\t\t<\/div>\n\t\t<\/div>\n\t\t\t\t\t\t\t<\/div>\n\t\t<\/section>\n\t\t\t\t<section class=\"elementor-section elementor-top-section elementor-element elementor-element-44fa61e1 elementor-section-boxed elementor-section-height-default elementor-section-height-default\" data-id=\"44fa61e1\" data-element_type=\"section\">\n\t\t\t\t\t\t<div class=\"elementor-container elementor-column-gap-default\">\n\t\t\t\t\t<div class=\"elementor-column elementor-col-100 elementor-top-column elementor-element elementor-element-35f5d15e\" data-id=\"35f5d15e\" data-element_type=\"column\">\n\t\t\t<div class=\"elementor-widget-wrap elementor-element-populated\">\n\t\t\t\t\t\t\t\t<div class=\"elementor-element elementor-element-3652f091 elementor-widget-divider--view-line elementor-widget elementor-widget-divider\" data-id=\"3652f091\" data-element_type=\"widget\" data-widget_type=\"divider.default\">\n\t\t\t\t<div class=\"elementor-widget-container\">\n\t\t\t\t\t<div class=\"elementor-divider\">\n\t\t\t<span class=\"elementor-divider-separator\">\n\t\t\t\t\t\t<\/span>\n\t\t<\/div>\n\t\t\t\t<\/div>\n\t\t\t\t<\/div>\n\t\t\t\t<div class=\"elementor-element elementor-element-47b9cf09 elementor-widget elementor-widget-text-editor\" data-id=\"47b9cf09\" data-element_type=\"widget\" data-widget_type=\"text-editor.default\">\n\t\t\t\t<div class=\"elementor-widget-container\">\n\t\t\t\t\t\t\t<p>Sie haben ein Projekte in dem <a href=\"https:\/\/www.rotomade.com\/de\/werkzeugbau\/\">rotierte und langlebige Bauteile<\/a> zum Einsatz kommen sollen? Wir helfen Ihnen gerne.<\/p>\t\t\t\t\t\t<\/div>\n\t\t\t\t<\/div>\n\t\t\t\t<div class=\"elementor-element elementor-element-fcbe580 elementor-widget elementor-widget-spacer\" data-id=\"fcbe580\" data-element_type=\"widget\" data-widget_type=\"spacer.default\">\n\t\t\t\t<div class=\"elementor-widget-container\">\n\t\t\t\t\t<div class=\"elementor-spacer\">\n\t\t\t<div class=\"elementor-spacer-inner\"><\/div>\n\t\t<\/div>\n\t\t\t\t<\/div>\n\t\t\t\t<\/div>\n\t\t\t\t\t<\/div>\n\t\t<\/div>\n\t\t\t\t\t\t\t<\/div>\n\t\t<\/section>\n\t\t\t\t\t\t\t<\/div>\n\t\t","protected":false},"excerpt":{"rendered":"<p>Auf Ma\u00df gebaute Tanks und Zisternen f\u00fcr technisches Equipment. Je nach Umfang und Anforderung, egal ob vom Prototyp oder nach vorhandener technischer Zeichnung, \u00fcbernehmen wir Ihr Projekt, pr\u00fcfen die Fertigungsm\u00f6glichkeiten und bieten Ihnen die technisch geeignetste L\u00f6sung an. Wir fertigen f\u00fcr Sie einzelne Bauteile oder Serien. Vorstudie Ihres Projektes im Kunststoffschwei\u00dfen Unser spezialisiertes Fachb\u00fcro begleitet [&hellip;]<\/p>\n","protected":false},"author":4,"featured_media":0,"parent":0,"menu_order":2,"comment_status":"closed","ping_status":"closed","template":"","meta":[],"yoast_head":"<!-- This site is optimized with the Yoast SEO plugin v17.5 - https:\/\/yoast.com\/wordpress\/plugins\/seo\/ -->\n<title>ROTOMADE, Spezialist f\u00fcr verschieden Rotationsverfahrenstechniken<\/title>\n<meta name=\"description\" content=\"Unser Projektteam begleitet Sie in der Umsetzung Ihres Produktwunsches vollumf\u00e4nglich. Von der Projekterfassung bis zur Herstellung im thermoplastischem Verfahren. \u00dcber die Prototypphase bis hin zur Fertigung in Serie. Wir stellen professsionelle Teile aller Arten, auf Mass zugeschnitten, her.\" \/>\n<meta name=\"robots\" content=\"index, follow, max-snippet:-1, max-image-preview:large, max-video-preview:-1\" \/>\n<link rel=\"canonical\" href=\"https:\/\/www.rotomade.com\/de\/kunststoffbau\/\" \/>\n<meta property=\"og:locale\" content=\"de_DE\" \/>\n<meta property=\"og:type\" content=\"article\" \/>\n<meta property=\"og:title\" content=\"ROTOMADE, Spezialist f\u00fcr verschieden Rotationsverfahrenstechniken\" \/>\n<meta property=\"og:description\" content=\"Unser Projektteam begleitet Sie in der Umsetzung Ihres Produktwunsches vollumf\u00e4nglich. Von der Projekterfassung bis zur Herstellung im thermoplastischem Verfahren. \u00dcber die Prototypphase bis hin zur Fertigung in Serie. Wir stellen professsionelle Teile aller Arten, auf Mass zugeschnitten, her.\" \/>\n<meta property=\"og:url\" content=\"https:\/\/www.rotomade.com\/de\/kunststoffbau\/\" \/>\n<meta property=\"og:site_name\" content=\"Rotomade\" \/>\n<meta property=\"article:modified_time\" content=\"2020-02-25T13:58:18+00:00\" \/>\n<meta property=\"og:image\" content=\"https:\/\/www.rotomade.com\/wp-content\/uploads\/2020\/01\/Plastic-Welding-723x1030-1-300x300.jpg\" \/>\n<meta name=\"twitter:card\" content=\"summary_large_image\" \/>\n<meta name=\"twitter:label1\" content=\"Gesch\u00e4tzte Lesezeit\" \/>\n\t<meta name=\"twitter:data1\" content=\"1 Minute\" \/>\n<script type=\"application\/ld+json\" class=\"yoast-schema-graph\">{\"@context\":\"https:\/\/schema.org\",\"@graph\":[{\"@type\":\"WebSite\",\"@id\":\"https:\/\/www.rotomade.com\/#website\",\"url\":\"https:\/\/www.rotomade.com\/\",\"name\":\"Rotomade\",\"description\":\"Rotomoulage\",\"potentialAction\":[{\"@type\":\"SearchAction\",\"target\":{\"@type\":\"EntryPoint\",\"urlTemplate\":\"https:\/\/www.rotomade.com\/?s={search_term_string}\"},\"query-input\":\"required name=search_term_string\"}],\"inLanguage\":\"de-DE\"},{\"@type\":\"ImageObject\",\"@id\":\"https:\/\/www.rotomade.com\/de\/kunststoffbau\/#primaryimage\",\"inLanguage\":\"de-DE\",\"url\":\"https:\/\/www.rotomade.com\/wp-content\/uploads\/2020\/01\/Plastic-Welding-723x1030-1.jpg\",\"contentUrl\":\"https:\/\/www.rotomade.com\/wp-content\/uploads\/2020\/01\/Plastic-Welding-723x1030-1.jpg\",\"width\":723,\"height\":723,\"caption\":\"Soudure-plastique-chaudronnerie\"},{\"@type\":\"WebPage\",\"@id\":\"https:\/\/www.rotomade.com\/de\/kunststoffbau\/#webpage\",\"url\":\"https:\/\/www.rotomade.com\/de\/kunststoffbau\/\",\"name\":\"ROTOMADE, Spezialist f\\u00fcr verschieden Rotationsverfahrenstechniken\",\"isPartOf\":{\"@id\":\"https:\/\/www.rotomade.com\/#website\"},\"primaryImageOfPage\":{\"@id\":\"https:\/\/www.rotomade.com\/de\/kunststoffbau\/#primaryimage\"},\"datePublished\":\"2020-01-31T14:02:04+00:00\",\"dateModified\":\"2020-02-25T13:58:18+00:00\",\"description\":\"Unser Projektteam begleitet Sie in der Umsetzung Ihres Produktwunsches vollumf\\u00e4nglich. Von der Projekterfassung bis zur Herstellung im thermoplastischem Verfahren. \\u00dcber die Prototypphase bis hin zur Fertigung in Serie. Wir stellen professsionelle Teile aller Arten, auf Mass zugeschnitten, her.\",\"breadcrumb\":{\"@id\":\"https:\/\/www.rotomade.com\/de\/kunststoffbau\/#breadcrumb\"},\"inLanguage\":\"de-DE\",\"potentialAction\":[{\"@type\":\"ReadAction\",\"target\":[\"https:\/\/www.rotomade.com\/de\/kunststoffbau\/\"]}]},{\"@type\":\"BreadcrumbList\",\"@id\":\"https:\/\/www.rotomade.com\/de\/kunststoffbau\/#breadcrumb\",\"itemListElement\":[{\"@type\":\"ListItem\",\"position\":1,\"name\":\"AccueilHomeHome\",\"item\":\"https:\/\/www.rotomade.com\/de\/\"},{\"@type\":\"ListItem\",\"position\":2,\"name\":\"Kunststoffbau\"}]}]}<\/script>\n<!-- \/ Yoast SEO plugin. -->","yoast_head_json":{"title":"ROTOMADE, Spezialist f\u00fcr verschieden Rotationsverfahrenstechniken","description":"Unser Projektteam begleitet Sie in der Umsetzung Ihres Produktwunsches vollumf\u00e4nglich. Von der Projekterfassung bis zur Herstellung im thermoplastischem Verfahren. \u00dcber die Prototypphase bis hin zur Fertigung in Serie. Wir stellen professsionelle Teile aller Arten, auf Mass zugeschnitten, her.","robots":{"index":"index","follow":"follow","max-snippet":"max-snippet:-1","max-image-preview":"max-image-preview:large","max-video-preview":"max-video-preview:-1"},"canonical":"https:\/\/www.rotomade.com\/de\/kunststoffbau\/","og_locale":"de_DE","og_type":"article","og_title":"ROTOMADE, Spezialist f\u00fcr verschieden Rotationsverfahrenstechniken","og_description":"Unser Projektteam begleitet Sie in der Umsetzung Ihres Produktwunsches vollumf\u00e4nglich. Von der Projekterfassung bis zur Herstellung im thermoplastischem Verfahren. \u00dcber die Prototypphase bis hin zur Fertigung in Serie. Wir stellen professsionelle Teile aller Arten, auf Mass zugeschnitten, her.","og_url":"https:\/\/www.rotomade.com\/de\/kunststoffbau\/","og_site_name":"Rotomade","article_modified_time":"2020-02-25T13:58:18+00:00","og_image":[{"url":"https:\/\/www.rotomade.com\/wp-content\/uploads\/2020\/01\/Plastic-Welding-723x1030-1-300x300.jpg"}],"twitter_card":"summary_large_image","twitter_misc":{"Gesch\u00e4tzte Lesezeit":"1 Minute"},"schema":{"@context":"https:\/\/schema.org","@graph":[{"@type":"WebSite","@id":"https:\/\/www.rotomade.com\/#website","url":"https:\/\/www.rotomade.com\/","name":"Rotomade","description":"Rotomoulage","potentialAction":[{"@type":"SearchAction","target":{"@type":"EntryPoint","urlTemplate":"https:\/\/www.rotomade.com\/?s={search_term_string}"},"query-input":"required name=search_term_string"}],"inLanguage":"de-DE"},{"@type":"ImageObject","@id":"https:\/\/www.rotomade.com\/de\/kunststoffbau\/#primaryimage","inLanguage":"de-DE","url":"https:\/\/www.rotomade.com\/wp-content\/uploads\/2020\/01\/Plastic-Welding-723x1030-1.jpg","contentUrl":"https:\/\/www.rotomade.com\/wp-content\/uploads\/2020\/01\/Plastic-Welding-723x1030-1.jpg","width":723,"height":723,"caption":"Soudure-plastique-chaudronnerie"},{"@type":"WebPage","@id":"https:\/\/www.rotomade.com\/de\/kunststoffbau\/#webpage","url":"https:\/\/www.rotomade.com\/de\/kunststoffbau\/","name":"ROTOMADE, Spezialist f\u00fcr verschieden Rotationsverfahrenstechniken","isPartOf":{"@id":"https:\/\/www.rotomade.com\/#website"},"primaryImageOfPage":{"@id":"https:\/\/www.rotomade.com\/de\/kunststoffbau\/#primaryimage"},"datePublished":"2020-01-31T14:02:04+00:00","dateModified":"2020-02-25T13:58:18+00:00","description":"Unser Projektteam begleitet Sie in der Umsetzung Ihres Produktwunsches vollumf\u00e4nglich. Von der Projekterfassung bis zur Herstellung im thermoplastischem Verfahren. \u00dcber die Prototypphase bis hin zur Fertigung in Serie. Wir stellen professsionelle Teile aller Arten, auf Mass zugeschnitten, her.","breadcrumb":{"@id":"https:\/\/www.rotomade.com\/de\/kunststoffbau\/#breadcrumb"},"inLanguage":"de-DE","potentialAction":[{"@type":"ReadAction","target":["https:\/\/www.rotomade.com\/de\/kunststoffbau\/"]}]},{"@type":"BreadcrumbList","@id":"https:\/\/www.rotomade.com\/de\/kunststoffbau\/#breadcrumb","itemListElement":[{"@type":"ListItem","position":1,"name":"AccueilHomeHome","item":"https:\/\/www.rotomade.com\/de\/"},{"@type":"ListItem","position":2,"name":"Kunststoffbau"}]}]}},"_links":{"self":[{"href":"https:\/\/www.rotomade.com\/de\/wp-json\/wp\/v2\/pages\/4533"}],"collection":[{"href":"https:\/\/www.rotomade.com\/de\/wp-json\/wp\/v2\/pages"}],"about":[{"href":"https:\/\/www.rotomade.com\/de\/wp-json\/wp\/v2\/types\/page"}],"author":[{"embeddable":true,"href":"https:\/\/www.rotomade.com\/de\/wp-json\/wp\/v2\/users\/4"}],"replies":[{"embeddable":true,"href":"https:\/\/www.rotomade.com\/de\/wp-json\/wp\/v2\/comments?post=4533"}],"version-history":[{"count":0,"href":"https:\/\/www.rotomade.com\/de\/wp-json\/wp\/v2\/pages\/4533\/revisions"}],"wp:attachment":[{"href":"https:\/\/www.rotomade.com\/de\/wp-json\/wp\/v2\/media?parent=4533"}],"curies":[{"name":"wp","href":"https:\/\/api.w.org\/{rel}","templated":true}]}}