{"id":4538,"date":"2020-01-31T15:02:40","date_gmt":"2020-01-31T14:02:40","guid":{"rendered":"https:\/\/www.rotomade.com\/?page_id=4538"},"modified":"2020-02-25T14:59:31","modified_gmt":"2020-02-25T13:59:31","slug":"fertigung","status":"publish","type":"page","link":"https:\/\/www.rotomade.com\/de\/fertigung\/","title":{"rendered":"Fertigung"},"content":{"rendered":"\t\t<div data-elementor-type=\"wp-page\" data-elementor-id=\"4538\" class=\"elementor elementor-4538\" data-elementor-post-type=\"page\">\n\t\t\t\t\t\t\t\t\t<section class=\"elementor-section elementor-top-section elementor-element elementor-element-1894dd8b elementor-section-stretched elementor-section-boxed elementor-section-height-default elementor-section-height-default\" data-id=\"1894dd8b\" data-element_type=\"section\" data-settings=\"{&quot;stretch_section&quot;:&quot;section-stretched&quot;,&quot;background_background&quot;:&quot;classic&quot;,&quot;shape_divider_bottom&quot;:&quot;arrow&quot;}\">\n\t\t\t\t\t<div class=\"elementor-shape elementor-shape-bottom\" data-negative=\"false\">\n\t\t\t<svg xmlns=\"http:\/\/www.w3.org\/2000\/svg\" viewBox=\"0 0 700 10\" preserveAspectRatio=\"none\">\n\t<path class=\"elementor-shape-fill\" d=\"M350,10L340,0h20L350,10z\"\/>\n<\/svg>\t\t<\/div>\n\t\t\t\t\t<div class=\"elementor-container elementor-column-gap-default\">\n\t\t\t\t\t<div class=\"elementor-column elementor-col-100 elementor-top-column elementor-element elementor-element-106ce24b\" data-id=\"106ce24b\" data-element_type=\"column\">\n\t\t\t<div class=\"elementor-widget-wrap elementor-element-populated\">\n\t\t\t\t\t\t\t\t<div class=\"elementor-element elementor-element-63deeef9 elementor-widget elementor-widget-spacer\" data-id=\"63deeef9\" data-element_type=\"widget\" data-widget_type=\"spacer.default\">\n\t\t\t\t<div class=\"elementor-widget-container\">\n\t\t\t\t\t<div class=\"elementor-spacer\">\n\t\t\t<div class=\"elementor-spacer-inner\"><\/div>\n\t\t<\/div>\n\t\t\t\t<\/div>\n\t\t\t\t<\/div>\n\t\t\t\t<div class=\"elementor-element elementor-element-786aaa7 elementor-widget elementor-widget-heading\" data-id=\"786aaa7\" data-element_type=\"widget\" data-widget_type=\"heading.default\">\n\t\t\t\t<div class=\"elementor-widget-container\">\n\t\t\t<h1 class=\"elementor-heading-title elementor-size-default\">Zusammensetzung und Montage von Kunststoffbaugruppen<\/h1>\t\t<\/div>\n\t\t\t\t<\/div>\n\t\t\t\t<div class=\"elementor-element elementor-element-5d44909c elementor-widget elementor-widget-text-editor\" data-id=\"5d44909c\" data-element_type=\"widget\" data-widget_type=\"text-editor.default\">\n\t\t\t\t<div class=\"elementor-widget-container\">\n\t\t\t\t\t\t\t<h2 style=\"font-size:18px;line-height:28px !important;\">ROTOMADE stellt alle Komponenten und Bauteile mit gr\u00f6\u00dfter Sorgfalt her. Neben den rotierten Teilen aus Polyethylen bieten wir die Zusammensetzung und komplette Montage spezieller Gebilde. Wir sind der perfekte Partner f\u00fcr Einzelteile und Serienfertigungen.<\/h2>\t\t\t\t\t\t<\/div>\n\t\t\t\t<\/div>\n\t\t\t\t<div class=\"elementor-element elementor-element-2fa7f22 elementor-widget elementor-widget-spacer\" data-id=\"2fa7f22\" data-element_type=\"widget\" data-widget_type=\"spacer.default\">\n\t\t\t\t<div class=\"elementor-widget-container\">\n\t\t\t\t\t<div class=\"elementor-spacer\">\n\t\t\t<div class=\"elementor-spacer-inner\"><\/div>\n\t\t<\/div>\n\t\t\t\t<\/div>\n\t\t\t\t<\/div>\n\t\t\t\t\t<\/div>\n\t\t<\/div>\n\t\t\t\t\t\t\t<\/div>\n\t\t<\/section>\n\t\t\t\t<section class=\"elementor-section elementor-top-section elementor-element elementor-element-7f07b2aa elementor-section-boxed elementor-section-height-default elementor-section-height-default\" data-id=\"7f07b2aa\" data-element_type=\"section\">\n\t\t\t\t\t\t<div class=\"elementor-container elementor-column-gap-default\">\n\t\t\t\t\t<div class=\"elementor-column elementor-col-100 elementor-top-column elementor-element elementor-element-5ce8b574\" data-id=\"5ce8b574\" data-element_type=\"column\">\n\t\t\t<div class=\"elementor-widget-wrap elementor-element-populated\">\n\t\t\t\t\t\t\t\t<div class=\"elementor-element elementor-element-4a27ea4e elementor-widget elementor-widget-spacer\" data-id=\"4a27ea4e\" data-element_type=\"widget\" data-widget_type=\"spacer.default\">\n\t\t\t\t<div class=\"elementor-widget-container\">\n\t\t\t\t\t<div class=\"elementor-spacer\">\n\t\t\t<div class=\"elementor-spacer-inner\"><\/div>\n\t\t<\/div>\n\t\t\t\t<\/div>\n\t\t\t\t<\/div>\n\t\t\t\t\t<\/div>\n\t\t<\/div>\n\t\t\t\t\t\t\t<\/div>\n\t\t<\/section>\n\t\t\t\t<section class=\"elementor-section elementor-top-section elementor-element elementor-element-7aa65a85 elementor-section-boxed elementor-section-height-default elementor-section-height-default\" data-id=\"7aa65a85\" data-element_type=\"section\">\n\t\t\t\t\t\t<div class=\"elementor-container elementor-column-gap-default\">\n\t\t\t\t\t<div class=\"elementor-column elementor-col-66 elementor-top-column elementor-element elementor-element-2be213d1\" data-id=\"2be213d1\" data-element_type=\"column\">\n\t\t\t<div class=\"elementor-widget-wrap\">\n\t\t\t\t\t\t\t\t\t<\/div>\n\t\t<\/div>\n\t\t\t\t<div class=\"elementor-column elementor-col-33 elementor-top-column elementor-element elementor-element-3877958c\" data-id=\"3877958c\" data-element_type=\"column\">\n\t\t\t<div class=\"elementor-widget-wrap elementor-element-populated\">\n\t\t\t\t\t\t\t\t<div class=\"elementor-element elementor-element-57e2a17d elementor-widget elementor-widget-heading\" data-id=\"57e2a17d\" data-element_type=\"widget\" data-widget_type=\"heading.default\">\n\t\t\t\t<div class=\"elementor-widget-container\">\n\t\t\t<h3 class=\"elementor-heading-title elementor-size-default\">Unser Know-how<\/h3>\t\t<\/div>\n\t\t\t\t<\/div>\n\t\t\t\t<div class=\"elementor-element elementor-element-b3c67c2 elementor-widget elementor-widget-text-editor\" data-id=\"b3c67c2\" data-element_type=\"widget\" data-widget_type=\"text-editor.default\">\n\t\t\t\t<div class=\"elementor-widget-container\">\n\t\t\t\t\t\t\t<p>Je nach Spezifikation und Bedarf des Kunden schlagen wir unterschiedliche <strong>Bearbeitungen<\/strong> und <strong>Behandlungen<\/strong> vor :<\/p>\t\t\t\t\t\t<\/div>\n\t\t\t\t<\/div>\n\t\t\t\t<div class=\"elementor-element elementor-element-26f81b0c elementor-arrows-position-inside elementor-pagination-position-outside elementor-invisible elementor-widget elementor-widget-image-carousel\" data-id=\"26f81b0c\" data-element_type=\"widget\" data-settings=\"{&quot;slides_to_show&quot;:&quot;1&quot;,&quot;_animation&quot;:&quot;fadeInLeft&quot;,&quot;navigation&quot;:&quot;both&quot;,&quot;autoplay&quot;:&quot;yes&quot;,&quot;pause_on_hover&quot;:&quot;yes&quot;,&quot;pause_on_interaction&quot;:&quot;yes&quot;,&quot;autoplay_speed&quot;:5000,&quot;infinite&quot;:&quot;yes&quot;,&quot;effect&quot;:&quot;slide&quot;,&quot;speed&quot;:500}\" data-widget_type=\"image-carousel.default\">\n\t\t\t\t<div class=\"elementor-widget-container\">\n\t\t\t\t\t<div class=\"elementor-image-carousel-wrapper swiper-container\" dir=\"ltr\">\n\t\t\t<div class=\"elementor-image-carousel swiper-wrapper\" aria-live=\"off\">\n\t\t\t\t\t\t\t\t<div class=\"swiper-slide\" role=\"group\" aria-roledescription=\"slide\" aria-label=\"1 of 3\"><figure class=\"swiper-slide-inner\"><img class=\"swiper-slide-image\" src=\"https:\/\/www.rotomade.com\/wp-content\/uploads\/2019\/05\/Assemblage-pieces-plastiques-rotomoulees-1030x687.jpg\" alt=\"Assemblage-pieces-plastiques-rotomoulees\" \/><\/figure><\/div><div class=\"swiper-slide\" role=\"group\" aria-roledescription=\"slide\" aria-label=\"2 of 3\"><figure class=\"swiper-slide-inner\"><img class=\"swiper-slide-image\" src=\"https:\/\/www.rotomade.com\/wp-content\/uploads\/2019\/05\/assemblage-cuve-rotomoulage-pompe-1030x687.jpg\" alt=\"assemblage-cuve-rotomoulage-pompe\" \/><\/figure><\/div><div class=\"swiper-slide\" role=\"group\" aria-roledescription=\"slide\" aria-label=\"3 of 3\"><figure class=\"swiper-slide-inner\"><img class=\"swiper-slide-image\" src=\"https:\/\/www.rotomade.com\/wp-content\/uploads\/2019\/05\/Assemblage-couvercle-rotomoule-cuve-assainissement-1030x687.jpg\" alt=\"Assemblage-couvercle-rotomoule-cuve-assainissement\" \/><\/figure><\/div>\t\t\t<\/div>\n\t\t\t\t\t\t\t\t\t\t\t\t<div class=\"elementor-swiper-button elementor-swiper-button-prev\" role=\"button\" tabindex=\"0\">\n\t\t\t\t\t\t<i aria-hidden=\"true\" class=\"eicon-chevron-left\"><\/i>\t\t\t\t\t<\/div>\n\t\t\t\t\t<div class=\"elementor-swiper-button elementor-swiper-button-next\" role=\"button\" tabindex=\"0\">\n\t\t\t\t\t\t<i aria-hidden=\"true\" class=\"eicon-chevron-right\"><\/i>\t\t\t\t\t<\/div>\n\t\t\t\t\n\t\t\t\t\t\t\t\t\t<div class=\"swiper-pagination\"><\/div>\n\t\t\t\t\t\t\t\t\t<\/div>\n\t\t\t\t<\/div>\n\t\t\t\t<\/div>\n\t\t\t\t<div class=\"elementor-element elementor-element-52ad76c4 elementor-icon-list--layout-traditional elementor-list-item-link-full_width elementor-widget elementor-widget-icon-list\" data-id=\"52ad76c4\" data-element_type=\"widget\" data-widget_type=\"icon-list.default\">\n\t\t\t\t<div class=\"elementor-widget-container\">\n\t\t\t\t\t<ul class=\"elementor-icon-list-items\">\n\t\t\t\t\t\t\t<li class=\"elementor-icon-list-item\">\n\t\t\t\t\t\t\t\t\t\t\t<span class=\"elementor-icon-list-icon\">\n\t\t\t\t\t\t\t<i aria-hidden=\"true\" class=\"fas fa-chevron-right\"><\/i>\t\t\t\t\t\t<\/span>\n\t\t\t\t\t\t\t\t\t\t<span class=\"elementor-icon-list-text\">Stanzen<\/span>\n\t\t\t\t\t\t\t\t\t<\/li>\n\t\t\t\t\t\t\t\t<li class=\"elementor-icon-list-item\">\n\t\t\t\t\t\t\t\t\t\t\t<span class=\"elementor-icon-list-icon\">\n\t\t\t\t\t\t\t<i aria-hidden=\"true\" class=\"fas fa-chevron-right\"><\/i>\t\t\t\t\t\t<\/span>\n\t\t\t\t\t\t\t\t\t\t<span class=\"elementor-icon-list-text\">Fr\u00e4sen<\/span>\n\t\t\t\t\t\t\t\t\t<\/li>\n\t\t\t\t\t\t\t\t<li class=\"elementor-icon-list-item\">\n\t\t\t\t\t\t\t\t\t\t\t<span class=\"elementor-icon-list-icon\">\n\t\t\t\t\t\t\t<i aria-hidden=\"true\" class=\"fas fa-chevron-right\"><\/i>\t\t\t\t\t\t<\/span>\n\t\t\t\t\t\t\t\t\t\t<span class=\"elementor-icon-list-text\">Ausschnitte<\/span>\n\t\t\t\t\t\t\t\t\t<\/li>\n\t\t\t\t\t\t\t\t<li class=\"elementor-icon-list-item\">\n\t\t\t\t\t\t\t\t\t\t\t<span class=\"elementor-icon-list-icon\">\n\t\t\t\t\t\t\t<i aria-hidden=\"true\" class=\"fas fa-check\"><\/i>\t\t\t\t\t\t<\/span>\n\t\t\t\t\t\t\t\t\t\t<span class=\"elementor-icon-list-text\">Bohren<\/span>\n\t\t\t\t\t\t\t\t\t<\/li>\n\t\t\t\t\t\t\t\t<li class=\"elementor-icon-list-item\">\n\t\t\t\t\t\t\t\t\t\t\t<span class=\"elementor-icon-list-icon\">\n\t\t\t\t\t\t\t<i aria-hidden=\"true\" class=\"fas fa-check\"><\/i>\t\t\t\t\t\t<\/span>\n\t\t\t\t\t\t\t\t\t\t<span class=\"elementor-icon-list-text\">Kleben<\/span>\n\t\t\t\t\t\t\t\t\t<\/li>\n\t\t\t\t\t\t\t\t<li class=\"elementor-icon-list-item\">\n\t\t\t\t\t\t\t\t\t\t\t<span class=\"elementor-icon-list-icon\">\n\t\t\t\t\t\t\t<i aria-hidden=\"true\" class=\"fas fa-check\"><\/i>\t\t\t\t\t\t<\/span>\n\t\t\t\t\t\t\t\t\t\t<span class=\"elementor-icon-list-text\">Beschichten<\/span>\n\t\t\t\t\t\t\t\t\t<\/li>\n\t\t\t\t\t\t<\/ul>\n\t\t\t\t<\/div>\n\t\t\t\t<\/div>\n\t\t\t\t<div class=\"elementor-element elementor-element-fa2a4c4 elementor-widget elementor-widget-text-editor\" data-id=\"fa2a4c4\" data-element_type=\"widget\" data-widget_type=\"text-editor.default\">\n\t\t\t\t<div class=\"elementor-widget-container\">\n\t\t\t\t\t\t\t<p>Unser Know-How beschr\u00e4nkt sich nicht auf die reine Fertigung. Unser Fachpersonal beherrscht auch komplexe und sensible Arbeitsschritte wie das Verdrahten, Einsetzen, Verschwei\u00dfen, Polyurethansch\u00e4umen oder Beschriften von Materialien.<\/p>\t\t\t\t\t\t<\/div>\n\t\t\t\t<\/div>\n\t\t\t\t<div class=\"elementor-element elementor-element-67156704 elementor-align-center elementor-widget elementor-widget-button\" data-id=\"67156704\" data-element_type=\"widget\" data-widget_type=\"button.default\">\n\t\t\t\t<div class=\"elementor-widget-container\">\n\t\t\t\t\t<div class=\"elementor-button-wrapper\">\n\t\t\t<a class=\"elementor-button elementor-button-link elementor-size-lg elementor-animation-shrink\" href=\"https:\/\/www.rotomade.com\/de\/kontakt\/\">\n\t\t\t\t\t\t<span class=\"elementor-button-content-wrapper\">\n\t\t\t\t\t\t<span class=\"elementor-button-text\">Hier geht's zur Preisanfrage<\/span>\n\t\t<\/span>\n\t\t\t\t\t<\/a>\n\t\t<\/div>\n\t\t\t\t<\/div>\n\t\t\t\t<\/div>\n\t\t\t\t\t<\/div>\n\t\t<\/div>\n\t\t\t\t\t\t\t<\/div>\n\t\t<\/section>\n\t\t\t\t<section class=\"elementor-section elementor-top-section elementor-element elementor-element-36054c09 elementor-section-boxed elementor-section-height-default elementor-section-height-default\" data-id=\"36054c09\" data-element_type=\"section\">\n\t\t\t\t\t\t<div class=\"elementor-container elementor-column-gap-default\">\n\t\t\t\t\t<div class=\"elementor-column elementor-col-100 elementor-top-column elementor-element elementor-element-55bf6c1a\" data-id=\"55bf6c1a\" data-element_type=\"column\">\n\t\t\t<div class=\"elementor-widget-wrap elementor-element-populated\">\n\t\t\t\t\t\t\t\t<div class=\"elementor-element elementor-element-1f49d6d8 elementor-widget elementor-widget-spacer\" data-id=\"1f49d6d8\" data-element_type=\"widget\" data-widget_type=\"spacer.default\">\n\t\t\t\t<div class=\"elementor-widget-container\">\n\t\t\t\t\t<div class=\"elementor-spacer\">\n\t\t\t<div class=\"elementor-spacer-inner\"><\/div>\n\t\t<\/div>\n\t\t\t\t<\/div>\n\t\t\t\t<\/div>\n\t\t\t\t<div class=\"elementor-element elementor-element-20812c4d elementor-widget elementor-widget-heading\" data-id=\"20812c4d\" data-element_type=\"widget\" data-widget_type=\"heading.default\">\n\t\t\t\t<div class=\"elementor-widget-container\">\n\t\t\t<h3 class=\"elementor-heading-title elementor-size-default\">Unsere Produktion beherbergt auch einen gro\u00dfz\u00fcgigen Arbeitsbereich f\u00fcr die komplette Montage technischer Teile.<\/h3>\t\t<\/div>\n\t\t\t\t<\/div>\n\t\t\t\t\t<\/div>\n\t\t<\/div>\n\t\t\t\t\t\t\t<\/div>\n\t\t<\/section>\n\t\t\t\t<section class=\"elementor-section elementor-top-section elementor-element elementor-element-6b9b7de3 elementor-section-boxed elementor-section-height-default elementor-section-height-default\" data-id=\"6b9b7de3\" data-element_type=\"section\">\n\t\t\t\t\t\t<div class=\"elementor-container elementor-column-gap-default\">\n\t\t\t\t\t<div class=\"elementor-column elementor-col-66 elementor-top-column elementor-element elementor-element-3d148e6a\" data-id=\"3d148e6a\" data-element_type=\"column\">\n\t\t\t<div class=\"elementor-widget-wrap elementor-element-populated\">\n\t\t\t\t\t\t\t\t<div class=\"elementor-element elementor-element-54551165 elementor-invisible elementor-widget elementor-widget-image\" data-id=\"54551165\" data-element_type=\"widget\" data-settings=\"{&quot;_animation&quot;:&quot;fadeInDown&quot;}\" data-widget_type=\"image.default\">\n\t\t\t\t<div class=\"elementor-widget-container\">\n\t\t\t\t\t\t\t\t\t\t\t\t\t\t\t<img width=\"3440\" height=\"1856\" src=\"https:\/\/www.rotomade.com\/wp-content\/uploads\/2019\/05\/Moussage-triple-couche-rotomoulage.jpg\" class=\"attachment-full size-full wp-image-6024\" alt=\"\" loading=\"lazy\" srcset=\"https:\/\/www.rotomade.com\/wp-content\/uploads\/2019\/05\/Moussage-triple-couche-rotomoulage.jpg 3440w, https:\/\/www.rotomade.com\/wp-content\/uploads\/2019\/05\/Moussage-triple-couche-rotomoulage-300x162.jpg 300w, https:\/\/www.rotomade.com\/wp-content\/uploads\/2019\/05\/Moussage-triple-couche-rotomoulage-768x414.jpg 768w, https:\/\/www.rotomade.com\/wp-content\/uploads\/2019\/05\/Moussage-triple-couche-rotomoulage-1030x556.jpg 1030w, https:\/\/www.rotomade.com\/wp-content\/uploads\/2019\/05\/Moussage-triple-couche-rotomoulage-1500x809.jpg 1500w, https:\/\/www.rotomade.com\/wp-content\/uploads\/2019\/05\/Moussage-triple-couche-rotomoulage-705x380.jpg 705w, https:\/\/www.rotomade.com\/wp-content\/uploads\/2019\/05\/Moussage-triple-couche-rotomoulage-450x243.jpg 450w\" sizes=\"(max-width: 3440px) 100vw, 3440px\" \/>\t\t\t\t\t\t\t\t\t\t\t\t\t\t\t<\/div>\n\t\t\t\t<\/div>\n\t\t\t\t\t<\/div>\n\t\t<\/div>\n\t\t\t\t<div class=\"elementor-column elementor-col-33 elementor-top-column elementor-element elementor-element-8924305\" data-id=\"8924305\" data-element_type=\"column\">\n\t\t\t<div class=\"elementor-widget-wrap elementor-element-populated\">\n\t\t\t\t\t\t\t\t<div class=\"elementor-element elementor-element-1dfd5be0 elementor-widget elementor-widget-text-editor\" data-id=\"1dfd5be0\" data-element_type=\"widget\" data-widget_type=\"text-editor.default\">\n\t\t\t\t<div class=\"elementor-widget-container\">\n\t\t\t\t\t\t\t<p>Unsere Fertigung ist f\u00fcr die Montage industrieller und komplexer Bauteile geeignet.<\/p>\n<p><span style=\"font-size: 1rem;\">Wir verwenden nur reine, hochwertige Materialien und ausgew\u00e4hlte Komponenten f\u00fcr die Fertigung Ihrer Produkte und arbeiten eng mit Ihnen zusammen, um das geeignetste Material f\u00fcr Ihren Anwendungsbereich zu ermitteln. Unser erfahrenes und\u00a0 vielseitiges Team sichert die Fertigstellung mit \u00e4u\u00dferster Sorgfalt. ROTOMADE ist f\u00fcr das Rotationsverfahren mit vollautomatischen Industrieanlagen, einer mechanischen Schwei\u00dfwerkstatt und einem Verpackungszentrum f\u00fcr die sichere Verpackung und Auslieferung Ihrer Produkte ausgestattet. Im Mittelpunkt dieser Anlage stellen wir die Qualit\u00e4tskontrolle und die Verfolgbarkeit des Produktes.<\/span><\/p>\t\t\t\t\t\t<\/div>\n\t\t\t\t<\/div>\n\t\t\t\t\t<\/div>\n\t\t<\/div>\n\t\t\t\t\t\t\t<\/div>\n\t\t<\/section>\n\t\t\t\t\t\t\t<\/div>\n\t\t","protected":false},"excerpt":{"rendered":"<p>Zusammensetzung und Montage von Kunststoffbaugruppen ROTOMADE stellt alle Komponenten und Bauteile mit gr\u00f6\u00dfter Sorgfalt her. Neben den rotierten Teilen aus Polyethylen bieten wir die Zusammensetzung und komplette Montage spezieller Gebilde. Wir sind der perfekte Partner f\u00fcr Einzelteile und Serienfertigungen. Unser Know-how Je nach Spezifikation und Bedarf des Kunden schlagen wir unterschiedliche Bearbeitungen und Behandlungen vor [&hellip;]<\/p>\n","protected":false},"author":4,"featured_media":0,"parent":0,"menu_order":3,"comment_status":"closed","ping_status":"closed","template":"","meta":[],"yoast_head":"<!-- This site is optimized with the Yoast SEO plugin v17.5 - https:\/\/yoast.com\/wordpress\/plugins\/seo\/ -->\n<title>Fertigung - Rotomade<\/title>\n<meta name=\"robots\" content=\"index, follow, max-snippet:-1, max-image-preview:large, max-video-preview:-1\" \/>\n<link rel=\"canonical\" href=\"https:\/\/www.rotomade.com\/de\/fertigung\/\" \/>\n<meta property=\"og:locale\" content=\"de_DE\" \/>\n<meta property=\"og:type\" content=\"article\" \/>\n<meta property=\"og:title\" content=\"Fertigung - Rotomade\" \/>\n<meta property=\"og:description\" content=\"Zusammensetzung und Montage von Kunststoffbaugruppen ROTOMADE stellt alle Komponenten und Bauteile mit gr\u00f6\u00dfter Sorgfalt her. Neben den rotierten Teilen aus Polyethylen bieten wir die Zusammensetzung und komplette Montage spezieller Gebilde. Wir sind der perfekte Partner f\u00fcr Einzelteile und Serienfertigungen. Unser Know-how Je nach Spezifikation und Bedarf des Kunden schlagen wir unterschiedliche Bearbeitungen und Behandlungen vor [&hellip;]\" \/>\n<meta property=\"og:url\" content=\"https:\/\/www.rotomade.com\/de\/fertigung\/\" \/>\n<meta property=\"og:site_name\" content=\"Rotomade\" \/>\n<meta property=\"article:modified_time\" content=\"2020-02-25T13:59:31+00:00\" \/>\n<meta property=\"og:image\" content=\"https:\/\/www.rotomade.com\/wp-content\/uploads\/2019\/05\/Assemblage-pieces-plastiques-rotomoulees-1030x687.jpg\" \/>\n<meta name=\"twitter:card\" content=\"summary_large_image\" \/>\n<meta name=\"twitter:label1\" content=\"Gesch\u00e4tzte Lesezeit\" \/>\n\t<meta name=\"twitter:data1\" content=\"1 Minute\" \/>\n<script type=\"application\/ld+json\" class=\"yoast-schema-graph\">{\"@context\":\"https:\/\/schema.org\",\"@graph\":[{\"@type\":\"WebSite\",\"@id\":\"https:\/\/www.rotomade.com\/#website\",\"url\":\"https:\/\/www.rotomade.com\/\",\"name\":\"Rotomade\",\"description\":\"Rotomoulage\",\"potentialAction\":[{\"@type\":\"SearchAction\",\"target\":{\"@type\":\"EntryPoint\",\"urlTemplate\":\"https:\/\/www.rotomade.com\/?s={search_term_string}\"},\"query-input\":\"required name=search_term_string\"}],\"inLanguage\":\"de-DE\"},{\"@type\":\"ImageObject\",\"@id\":\"https:\/\/www.rotomade.com\/de\/fertigung\/#primaryimage\",\"inLanguage\":\"de-DE\",\"url\":\"https:\/\/www.rotomade.com\/wp-content\/uploads\/2019\/05\/Assemblage-pieces-plastiques-rotomoulees.jpg\",\"contentUrl\":\"https:\/\/www.rotomade.com\/wp-content\/uploads\/2019\/05\/Assemblage-pieces-plastiques-rotomoulees.jpg\",\"width\":1030,\"height\":687,\"caption\":\"Assemblage-pieces-plastiques-rotomoulees\"},{\"@type\":\"WebPage\",\"@id\":\"https:\/\/www.rotomade.com\/de\/fertigung\/#webpage\",\"url\":\"https:\/\/www.rotomade.com\/de\/fertigung\/\",\"name\":\"Fertigung - Rotomade\",\"isPartOf\":{\"@id\":\"https:\/\/www.rotomade.com\/#website\"},\"primaryImageOfPage\":{\"@id\":\"https:\/\/www.rotomade.com\/de\/fertigung\/#primaryimage\"},\"datePublished\":\"2020-01-31T14:02:40+00:00\",\"dateModified\":\"2020-02-25T13:59:31+00:00\",\"breadcrumb\":{\"@id\":\"https:\/\/www.rotomade.com\/de\/fertigung\/#breadcrumb\"},\"inLanguage\":\"de-DE\",\"potentialAction\":[{\"@type\":\"ReadAction\",\"target\":[\"https:\/\/www.rotomade.com\/de\/fertigung\/\"]}]},{\"@type\":\"BreadcrumbList\",\"@id\":\"https:\/\/www.rotomade.com\/de\/fertigung\/#breadcrumb\",\"itemListElement\":[{\"@type\":\"ListItem\",\"position\":1,\"name\":\"AccueilHomeHome\",\"item\":\"https:\/\/www.rotomade.com\/de\/\"},{\"@type\":\"ListItem\",\"position\":2,\"name\":\"Fertigung\"}]}]}<\/script>\n<!-- \/ Yoast SEO plugin. -->","yoast_head_json":{"title":"Fertigung - Rotomade","robots":{"index":"index","follow":"follow","max-snippet":"max-snippet:-1","max-image-preview":"max-image-preview:large","max-video-preview":"max-video-preview:-1"},"canonical":"https:\/\/www.rotomade.com\/de\/fertigung\/","og_locale":"de_DE","og_type":"article","og_title":"Fertigung - Rotomade","og_description":"Zusammensetzung und Montage von Kunststoffbaugruppen ROTOMADE stellt alle Komponenten und Bauteile mit gr\u00f6\u00dfter Sorgfalt her. Neben den rotierten Teilen aus Polyethylen bieten wir die Zusammensetzung und komplette Montage spezieller Gebilde. Wir sind der perfekte Partner f\u00fcr Einzelteile und Serienfertigungen. Unser Know-how Je nach Spezifikation und Bedarf des Kunden schlagen wir unterschiedliche Bearbeitungen und Behandlungen vor [&hellip;]","og_url":"https:\/\/www.rotomade.com\/de\/fertigung\/","og_site_name":"Rotomade","article_modified_time":"2020-02-25T13:59:31+00:00","og_image":[{"url":"https:\/\/www.rotomade.com\/wp-content\/uploads\/2019\/05\/Assemblage-pieces-plastiques-rotomoulees-1030x687.jpg"}],"twitter_card":"summary_large_image","twitter_misc":{"Gesch\u00e4tzte Lesezeit":"1 Minute"},"schema":{"@context":"https:\/\/schema.org","@graph":[{"@type":"WebSite","@id":"https:\/\/www.rotomade.com\/#website","url":"https:\/\/www.rotomade.com\/","name":"Rotomade","description":"Rotomoulage","potentialAction":[{"@type":"SearchAction","target":{"@type":"EntryPoint","urlTemplate":"https:\/\/www.rotomade.com\/?s={search_term_string}"},"query-input":"required name=search_term_string"}],"inLanguage":"de-DE"},{"@type":"ImageObject","@id":"https:\/\/www.rotomade.com\/de\/fertigung\/#primaryimage","inLanguage":"de-DE","url":"https:\/\/www.rotomade.com\/wp-content\/uploads\/2019\/05\/Assemblage-pieces-plastiques-rotomoulees.jpg","contentUrl":"https:\/\/www.rotomade.com\/wp-content\/uploads\/2019\/05\/Assemblage-pieces-plastiques-rotomoulees.jpg","width":1030,"height":687,"caption":"Assemblage-pieces-plastiques-rotomoulees"},{"@type":"WebPage","@id":"https:\/\/www.rotomade.com\/de\/fertigung\/#webpage","url":"https:\/\/www.rotomade.com\/de\/fertigung\/","name":"Fertigung - Rotomade","isPartOf":{"@id":"https:\/\/www.rotomade.com\/#website"},"primaryImageOfPage":{"@id":"https:\/\/www.rotomade.com\/de\/fertigung\/#primaryimage"},"datePublished":"2020-01-31T14:02:40+00:00","dateModified":"2020-02-25T13:59:31+00:00","breadcrumb":{"@id":"https:\/\/www.rotomade.com\/de\/fertigung\/#breadcrumb"},"inLanguage":"de-DE","potentialAction":[{"@type":"ReadAction","target":["https:\/\/www.rotomade.com\/de\/fertigung\/"]}]},{"@type":"BreadcrumbList","@id":"https:\/\/www.rotomade.com\/de\/fertigung\/#breadcrumb","itemListElement":[{"@type":"ListItem","position":1,"name":"AccueilHomeHome","item":"https:\/\/www.rotomade.com\/de\/"},{"@type":"ListItem","position":2,"name":"Fertigung"}]}]}},"_links":{"self":[{"href":"https:\/\/www.rotomade.com\/de\/wp-json\/wp\/v2\/pages\/4538"}],"collection":[{"href":"https:\/\/www.rotomade.com\/de\/wp-json\/wp\/v2\/pages"}],"about":[{"href":"https:\/\/www.rotomade.com\/de\/wp-json\/wp\/v2\/types\/page"}],"author":[{"embeddable":true,"href":"https:\/\/www.rotomade.com\/de\/wp-json\/wp\/v2\/users\/4"}],"replies":[{"embeddable":true,"href":"https:\/\/www.rotomade.com\/de\/wp-json\/wp\/v2\/comments?post=4538"}],"version-history":[{"count":0,"href":"https:\/\/www.rotomade.com\/de\/wp-json\/wp\/v2\/pages\/4538\/revisions"}],"wp:attachment":[{"href":"https:\/\/www.rotomade.com\/de\/wp-json\/wp\/v2\/media?parent=4538"}],"curies":[{"name":"wp","href":"https:\/\/api.w.org\/{rel}","templated":true}]}}