{"id":4577,"date":"2019-02-26T12:10:03","date_gmt":"2019-02-26T11:10:03","guid":{"rendered":"https:\/\/www.rotomade.com\/mentions-legales\/"},"modified":"2020-02-20T15:30:40","modified_gmt":"2020-02-20T14:30:40","slug":"impressum","status":"publish","type":"page","link":"https:\/\/www.rotomade.com\/de\/impressum\/","title":{"rendered":"Impressum"},"content":{"rendered":"\t\t<div data-elementor-type=\"wp-page\" data-elementor-id=\"4577\" class=\"elementor elementor-4577\" data-elementor-post-type=\"page\">\n\t\t\t\t\t\t\t\t\t<section class=\"elementor-section elementor-top-section elementor-element elementor-element-5bcacf5a elementor-section-boxed elementor-section-height-default elementor-section-height-default\" data-id=\"5bcacf5a\" data-element_type=\"section\">\n\t\t\t\t\t\t<div class=\"elementor-container elementor-column-gap-default\">\n\t\t\t\t\t<div class=\"elementor-column elementor-col-100 elementor-top-column elementor-element elementor-element-4f80544a\" data-id=\"4f80544a\" data-element_type=\"column\">\n\t\t\t<div class=\"elementor-widget-wrap elementor-element-populated\">\n\t\t\t\t\t\t\t\t<div class=\"elementor-element elementor-element-1f14c9b8 elementor-widget elementor-widget-text-editor\" data-id=\"1f14c9b8\" data-element_type=\"widget\" data-widget_type=\"text-editor.default\">\n\t\t\t\t<div class=\"elementor-widget-container\">\n\t\t\t\t\t\t\t<h1>Impressum<\/h1>\n<p>Herausgeber:<br \/><span style=\"font-size: 1.05em;\">ROTOMADE<br \/><\/span><span style=\"font-size: 1.05em;\">4-5 ZAE Le Triangle Vert 5691 ELLANGE Luxembourg<br \/><\/span><span style=\"font-size: 1.05em;\">+352 26 65 00 26<br \/><\/span><span style=\"font-size: 1.05em;\">contact@rotomade.com<\/span><\/p>\n<p>Pagegrafiker :\u00a0<a href=\"https:\/\/www.oci.fr\/\">OCI<\/a><br \/><span style=\"font-size: 1.05em;\">Hosting : Die Webseite ist bei\u00a0<\/span> <a href=\"https:\/\/www.oci.fr\/\">OCI <\/a><span style=\"font-size: 1.05em;\">gehostet<\/span><\/p>\n<h2>Urheberrechtshinweis<\/h2>\n<p>Die vollst\u00e4ndige oder teilweise Vervielf\u00e4ltigung dieser Website \u2013 mit Ausnahme der in Artikel L. 122-5 Code de la Propri\u00e9t\u00e9 Intellectuelle [franz\u00f6sisches Gesetz \u00fcber das geistige Eigentum] vorgesehenen F\u00e4lle \u2013 ist nicht ohne ausdr\u00fcckliche Genehmigung gestattet.<\/p>\n<p>An dieser Stelle sei an Artikel L. 112-3 Code de la Propri\u00e9t\u00e9 Intellectuelle erinnert:<\/p>\n<p>\u201eDie Urheber von \u00dcbersetzungen, Bearbeitungen, Ver\u00e4nderungen oder Zusammenstellungen von geistigen Werken geniessen den durch dieses Gesetzbuch geschaffenen Schutz unbeschadet der Rechte des Urhebers des Ursprungswerks. Dieses gilt entsprechend f\u00fcr die Urheber von Anthologien oder Werksammlungen oder sonstigen Daten, so wie Datenbanken, die durch Auswahl oder Anordnung der Bestandteile geistige Sch\u00f6pfungen darstellen.<\/p>\n<p>Man versteht unter Datenbank eine Sammlung von Werken, Daten oder anderen unabh\u00e4ngigen Elementen, systematisch oder methodisch angeordnet und einzeln zug\u00e4nglich durch elektronische oder jedes andere Mittel. \u201c<\/p>\n<p>Ist f\u00fcr die Wiedergabe oder Verwendung von Text- und Multimedia-Daten (Ton, Bilder, Programme etc.) zuvor eine Genehmigung einzuholen, so muss die nat\u00fcrliche oder juristische Person, die diese Daten zu verwenden beabsichtigt, eine entsprechende Genehmigung einholen.<\/p>\n<h2>\u00a0<\/h2>\n<h2>Cookies und personenbezogene Daten<\/h2>\n<h3>Was ist ein Cookie?<\/h3>\n<p>Ein Cookie ist eine Textdatei, die \u2013 je nach Ihrer Wahl \u2013 auf Ihrem Computer platziert wird, wenn Sie eine Website besuchen oder eine Anzeige aufrufen. Der Zweck von Cookies ist, Informationen \u00fcber Ihr Browserverhalten zu sammeln und Ihnen auf Ihr Terminal (Computer, Handy oder Tablet) zugeschnittene Dienstleistungen anzubieten.<\/p>\n<p>Cookies werden durch Ihren Internet-Browser verwaltet, und nur der Herausgeber eines Cookies ist imstande, die darin enthaltenen Informationen zu lesen oder zu \u00e4ndern.<\/p>\n<p>Wozu dienen die auf unserer Website herausgegebenen Cookies?<\/p>\n<p>Die auf unserer Website verwendeten Cookies erm\u00f6glichen die Identifikation der Dienstleistungen und Rubriken, die der Nutzer besucht hat, und bieten generelle Einsichten in dessen Besuchsverhalten. Diese Informationen sind n\u00fctzlich, um Dienstleistungen und Inhalte besser zu personalisieren, und erleichtern die Navigation auf unserer Website.<\/p>\n<p>Cookies sind auch f\u00fcr die ordnungsgem\u00e4\u00dfe Funktion bestimmter Dienstleistungen und f\u00fcr die Messung von deren Popularit\u00e4t notwendig.<\/p>\n<h3>Interne Cookies<\/h3>\n<p>Wenn Sie unsere Website aufrufen, k\u00f6nnen wir \u2013 je nach Ihrer Wahl \u2013 verschiedene Cookies auf Ihrem Endger\u00e4t installieren, die es uns erm\u00f6glichen, den Browser auf Ihrem Endger\u00e4t w\u00e4hrend der G\u00fcltigkeitsdauer des betreffenden Cookies zu erkennen.<\/p>\n<p>Cookies, die wir platzieren, werden \u2013 je nach Ihrer Wahl \u2013 f\u00fcr die unten beschriebenen Zwecke verwendet, die mit den Softwareparametern Ihres Browsers verkn\u00fcpft sind, den Sie bei Ihrem Besuch unserer Website verwenden.<\/p>\n<p>Die von uns ausgestellten Cookies erm\u00f6glichen es uns,<\/p>\n<p>Ihnen die Navigation auf unserer Website zu erleichtern:<\/p>\n<p>\u2013 indem sie das Layout unserer Website bei Ihren Besuchen auf unserer Website an die Anzeigepr\u00e4ferenzen Ihres Terminals (Sprache, Bildschirmaufl\u00f6sung, verwendetes Betriebssystem etc.) entsprechend den Materialien und der Visualisierungs- oder Lesesoftware anpassen, die Ihr Ger\u00e4t enth\u00e4lt;<\/p>\n<p>\u2013 indem sie Informationen speichern, die sich auf ein Formular beziehen, das Sie auf unserer Website ausgef\u00fcllt haben (Anmeldung f\u00fcr Ihr Konto oder Zugriff auf dasselbe), oder auf Produkte, Dienstleistungen oder Informationen, die Sie auf unserer Website gew\u00e4hlt haben;<\/p>\n<p>\u2013 indem sie Sicherheitsma\u00dfnahmen implementieren;<\/p>\n<p>Unsere Dienstleistungen zu verbessern:<\/p>\n<p>Diese Cookies erm\u00f6glichen die Erstellung von Statistiken und Besuchs- sowie Nutzungsvolumina in Bezug auf die verschiedenen Komponenten, aus denen unsere Website zusammengestellt ist (besuchte Abschnitte und Inhalte, Clickstream), anhand derer wir den Wert und die Benutzerfreundlichkeit unserer Dienstleistungen verbessern k\u00f6nnen.<\/p>\n<h3>Drittanbieter-Cookies<\/h3>\n<p>Drittanbieter-Cookies sind Cookies, die von Drittunternehmen (wie etwa Partnerunternehmen) auf Ihrem Endger\u00e4t platziert werden, wenn Sie auf den Werbefl\u00e4chen unserer Website navigieren oder auf diese klicken.<\/p>\n<p>Im Rahmen von Partnerschaften stellen wir sicher, dass die entsprechenden Partnerunternehmen streng das Gesetz \u201eLoi informatique et libert\u00e9s\u201c vom 6. Januar 1978 [franz\u00f6sisches Gesetz \u00fcber den Datenschutz] beachten und sich verpflichten, geeignete Sicherheits- und Datenschutzma\u00dfnahmen umzusetzen.<\/p>\n<p>Nachstehend finden Sie Informationen \u00fcber den Zweck der Cookies, die uns bekannt sind, sowie \u00fcber die Mittel, die Ihnen zur Verf\u00fcgung stehen, um Ihre Wahlm\u00f6glichkeiten in Bezug auf diese Cookies auszu\u00fcben.<\/p>\n<p>Die Tatsache, dass Anwendungen von Drittanbietern in unsere Website integriert sind, bedeutet Folgendes:<\/p>\n<p>Wir setzen m\u00f6glicherweise IT-Anwendungen von Drittanbietern auf unserer Website ein, die es Ihnen erm\u00f6glichen, Inhalte von unserer Website an andere weiterzuleiten oder andere dar\u00fcber zu informieren, dass Sie unsere Website besucht haben oder welche Meinung Sie zu Inhalten unserer Website haben. Diesbez\u00fcglich sind insbesondere Schaltfl\u00e4chen wie \u201eWeiterleiten\u201c oder \u201eGef\u00e4llt mir\u201c zu nennen, die aus sozialen Netzwerken.<\/p>\n<p>Das soziale Netzwerk, von dem die entsprechende Anwendungsschaltfl\u00e4che bereitgestellt wird, kann Sie wahrscheinlich selbst dann anhand dieser Schaltfl\u00e4che identifizieren, wenn Sie diese Schaltfl\u00e4che w\u00e4hrend Ihres Besuchs unserer Website gar nicht verwendet haben. Diese Art von Anwendungsschaltfl\u00e4che kann es dem betreffenden sozialen Netzwerk de facto erlauben, allein deshalb Ihrer Navigation auf unserer Website zu folgen, weil Ihr Konto bei dem betreffenden sozialen Netzwerk auf Ihrem Endger\u00e4t w\u00e4hrend Ihres Besuchs auf unserer Website aktiviert war (offene Sitzung).<\/p>\n<p>Wir haben keine Kontrolle \u00fcber das Verfahren, das die sozialen Netzwerke einsetzen, um Informationen zu sammeln, die sich auf Ihre Besuche auf unsere Website beziehen und mit den personenbezogenen Daten in Zusammenhang stehen, die diese sozialen Netzwerke besitzen. Wir raten Ihnen, die Datenschutzrichtlinien dieser sozialen Netzwerke zur Kenntnis zu nehmen, um sich dar\u00fcber zu informieren, welchen Zwecken \u2013 vor allem im Bereich der Werbung \u2013 die Navigationsinformationen dienen, die die sozialen Netzwerke mittels dieser Anwendungstasten sammeln k\u00f6nnen. Diese Datenschutzrichtlinien sollten es Ihnen insbesondere erm\u00f6glichen, Ihre Wahlm\u00f6glichkeiten gegen\u00fcber diesen sozialen Netzwerken wahrzunehmen, was in erster Linie durch die entsprechende Einstellung Ihrer Benutzerkonten bei jedem einzelnen dieser Netzwerke geschieht.<\/p>\n<h2>\u00a0<\/h2>\n<h2><b>Web-Beacons und sonstige Technologien<\/b><\/h2>\n<p>Zur Nachverfolgung Ihrer Nutzung unserer Websites und Anwendungen k\u00f6nnen wir Standard-Internettechnologien wie etwa Web-Beacons und \u00e4hnliche Technologien verwenden. Web-Beacons (manchmal auch \u201eClear-Gifs\u201c oder \u201eWeb-Bugs\u201c genannt) sind kleine Code-Zeilen, die es uns erm\u00f6glichen, auf einer Webseite oder in einer E-Mail eine kleine (meist unsichtbare) Grafik anzuzeigen. Web-Beacons k\u00f6nnen bestimmte Arten von Informationen auf Ihrem Computer erkennen, wie beispielsweise Cookies, die Uhrzeit und das Datum des Aufrufs einer Seite sowie eine Beschreibung der Seite, auf der der Web-Beacon platziert wurde.<\/p>\n<p>Wir verwenden Web-Beacons, um Ihre Erfahrungen auf unseren Websites und Anwendungen zu verbessern. So k\u00f6nnen wir Ihnen unter anderem personalisierte Inhalte bereitstellen, die Ihren Interessen entsprechen, und herausfinden, ob die Benutzer die E-Mails lesen und auf die Links klicken, die in den entsprechenden Nachrichten enthalten sind, damit wir relevante Inhalte und Angebote herausgeben k\u00f6nnen.<\/p>\n<p>Unsere Websites und Anwendungen k\u00f6nnen Web-Beacons von Drittanbietern enthalten. Diese Web Beacons erm\u00f6glichen es den externen Dienstleistungsanbietern, bestimmte Informationen zu sammeln, etwa \u00fcber die Art Ihres Browsers, und zu erkennen, welche Website Sie besucht haben, bevor sie auf unsere Websites kamen. Diese externen Dienstleistungsanbieter verarbeiten die von ihnen gesammelten Informationen zum Zweck der Pr\u00fcfung und Forschung sowie zur Meldung der Informationen \u00fcber unsere Websites und Anwendungen sowie \u00fcber die Anzeigen, die auf unseren Websites und Anwendungen angeschaut wurden.<\/p>\n<p>Wir leiten Ihre Kontaktinformationen (wie z. B. Ihre Telefonnummer oder E-Mail-Adresse) nicht an diese Dritten im Rahmen von deren Einsatz von Web-Beacons weiter.<\/p>\n<h3>Annahme oder Ablehnung von Cookies<\/h3>\n<p>Sie k\u00f6nnen jederzeit entscheiden, diese Cookies zu deaktivieren. Ihr Browser l\u00e4sst sich auch so einstellen, dass er Sie benachrichtigt, wenn Cookies auf Ihrem Computer platziert werden, und sie dann fragt, ob Sie diese annehmen wollen oder nicht.<\/p>\n<p>Sie k\u00f6nnen Cookies von Fall zu Fall annehmen oder ablehnen oder ihre Annahme systematisch verweigern.<\/p>\n<p>Wir weisen Sie darauf hin, dass diese Einstellung Ihre Bedingungen f\u00fcr den Zugang zu unseren Inhalten und Dienstleistungen, die den Einsatz von Cookies erfordern, \u00e4ndern kann.<\/p>\n<p>Falls Ihr Browser so konfiguriert ist, dass er alle Cookies ablehnt, k\u00f6nnen Sie einige unserer Dienstleistungen nicht in Anspruch nehmen. Um Cookies so zu verwalten, das es genau Ihren Erwartungen entspricht, raten wir Ihnen, Ihren Browser unter Ber\u00fccksichtigung des Zwecks der Cookies einzustellen.<\/p>\n<p>Web-Beacons werden in der Regel in Verbindung mit Cookies eingesetzt. Dies bedeutet, dass Web-Beacons in dem Fall, dass Ihr Browser Cookies ablehnt, oder dass Cookies gel\u00f6scht werden, Ihre Aktivit\u00e4ten w\u00e4hrend der Navigation zwischen den Websites nicht nachverfolgen k\u00f6nnen.<\/p>\n<p>Die Konfiguration zur Verwaltung von Cookies und von Ihren Pr\u00e4ferenzen ist je nach Browser unterschiedlich. Sie wird im Hilfe-Men\u00fc Ihres Browsers beschrieben, in dem Sie erfahren, auf welche Weise Sie Ihre W\u00fcnsche im Hinblick auf Cookies \u00e4ndern k\u00f6nnen.<\/p>\n<p>Ihre Wahlm\u00f6glichkeiten mithilfe Ihres Browsers<\/p>\n<p>Zustimmung zu Cookies<\/p>\n<p>Die Speicherung eines Cookies auf einem Endger\u00e4t unterliegt im Wesentlichen dem Willen von dessen Nutzer. Der Nutzer kann diesen Willen mittels der Auswahlm\u00f6glichkeiten, die ihm von seiner Browser-Software angeboten werden, jederzeit und kostenlos zum Ausdruck bringen oder \u00e4ndern. Wenn Sie in Ihrem Browser die Speicherung von Cookies auf Ihrem Endger\u00e4t akzeptiert haben, k\u00f6nnen die Cookies, die in Seiten und Inhalte integriert sind, die Sie konsultiert haben, vor\u00fcbergehend in einem speziellen Bereich Ihres Endger\u00e4ts gespeichert werden. Dort sind sie nur f\u00fcr den Herausgeber lesbar.<\/p>\n<h2><b>Ablehnung von Cookies<\/b><\/h2>\n<p>Wenn Sie die Speicherung von Cookies auf Ihrem Ger\u00e4t ablehnen, k\u00f6nnen Sie eine Reihe von Funktionen nicht mehr nutzen, die allerdings f\u00fcr die Navigation auf einigen Bereichen der Websites und Anwendungen von rotomade.com erforderlich sind. Dies w\u00e4re der Fall, wenn Sie versuchen, auf unsere Inhalte oder Services zuzugreifen, f\u00fcr die sie sich zun\u00e4chst anmelden m\u00fcssen. Es w\u00e4re auch der Fall, wenn wir \u2013 oder unsere Leistungserbringer \u2013 den von Ihrem Endger\u00e4t verwendeten Browser-Typ, dessen Sprach- und Display-Einstellungen oder das Land, aus dem Ihr Ger\u00e4t auf das Internet zuzugreifen scheint, nicht zu Zwecken der technischen Kompatibilit\u00e4t erkennen k\u00f6nnen.<\/p>\n<p>rotomade.com \u00fcbernimmt gegebenenfalls keine Haftung f\u00fcr die Folgen einer eingeschr\u00e4nkten Funktion unserer Dienste, die darauf zur\u00fcckzuf\u00fchren ist, dass es rotomade.com nicht m\u00f6glich ist, Cookies zu speichern oder auszulesen, die f\u00fcr die Funktion der Website erforderlich sind und von Ihnen abgelehnt oder gel\u00f6scht wurden.<\/p>\n<p>Wie k\u00f6nnen Sie je nach Art des von Ihnen verwendeten Browsers Ihre Wahl treffen?<\/p>\n<p>Die Konfiguration zur Verwaltung von Cookies und von Ihren Pr\u00e4ferenzen ist je nach Browser unterschiedlich. Sie wird im Hilfe-Men\u00fc Ihres Browsers beschrieben, in dem Sie erfahren, auf welche Weise Sie Ihre W\u00fcnsche im Hinblick auf Cookies \u00e4ndern k\u00f6nnen. F\u00fcr:<\/p>\n<p><span style=\"font-size: 16.8px;\">&#8211; Microsoft Internet Explorer :\u00a0<\/span><a target=\"_blank\" href=\"http:\/\/windows.microsoft.com\/fr-FR\/windows-vista\/Block-or-allow-cookies\" rel=\"noopener\">http:\/\/windows.microsoft.com\/fr-FR\/windows-vista\/Block-or-allow-cookies<\/a><br style=\"font-size: 16.8px;\" \/><span style=\"font-size: 16.8px;\">&#8211; Google Chrome :\u00a0<\/span><a target=\"_blank\" href=\"http:\/\/support.google.com\/chrome\/bin\/answer.py?hl=fr&amp;hlrm=en&amp;answer=95647\" rel=\"noopener\">http:\/\/support.google.com\/chrome\/bin\/answer.py?hl=fr&amp;hlrm=en&amp;answer=95647<\/a><br style=\"font-size: 16.8px;\" \/><span style=\"font-size: 16.8px;\">&#8211; Safari :\u00a0<\/span><a target=\"_blank\" href=\"http:\/\/docs.info.apple.com\/article.html?path=Safari\/3.0\/fr\/9277.html\" rel=\"noopener\">http:\/\/docs.info.apple.com\/article.html?path=Safari\/3.0\/fr\/9277.html<\/a><br style=\"font-size: 16.8px;\" \/><span style=\"font-size: 16.8px;\">&#8211; Firefox :\u00a0<\/span><a target=\"_blank\" href=\"http:\/\/support.mozilla.org\/fr\/kb\/Activer%20et%20d%C3%A9sactiver%20les%20cookies\" rel=\"noopener\">http:\/\/support.mozilla.org\/fr\/kb\/Activer%20et%20d%C3%A9sactiver%20les%20cookies<\/a><br style=\"font-size: 16.8px;\" \/><span style=\"font-size: 16.8px;\">&#8211; Op\u00e9ra :\u00a0<\/span><a target=\"_blank\" href=\"http:\/\/help.opera.com\/Windows\/10.20\/fr\/cookies.html\" rel=\"noopener\">http:\/\/help.opera.com\/Windows\/10.20\/fr\/cookies.html<\/a><\/p>\n<p>\u201eFlash\u201c\u00a9-Cookies von \u201eAdobe Flash Player\u201c\u2122<\/p>\n<p>\u201eAdobe Flash Player\u201c\u2122 ist ein Computerprogramm, das mit Hilfe der Computersprache \u201eFlash\u201c die schnelle Entwicklung von dynamischen Inhalten erm\u00f6glicht. Flash (und Anwendungen des gleichen Typs) speichert Einstellungen und Pr\u00e4ferenzen sowie die Verwendung dieser Inhalte mittels einer Cookies \u00e4hnlichen Technologie. \u201eAdobe Flash Player\u201c\u2122 verwaltet diese Informationen und Ihre Entscheidungen allerdings \u00fcber eine Schnittstelle, die sich von der unterscheidet, die Ihnen Ihr Browser zur Verf\u00fcgung stellt.<\/p>\n<p>Soweit Ihr Endger\u00e4t Inhalte anzeigen kann, mit der Flash-Sprache entwickelt wurden, raten wir Ihnen, direkt \u00fcber die Website http:\/\/www.adobe.com\/fr auf Ihre Verwaltungstools f\u00fcr Flash-Cookies zuzugreifen.<\/p>\n<p>Do Not Track<\/p>\n<p>Sie k\u00f6nnen Ihren Browser auch so einstellen, dass dieser einen Code sendet, der Websites mitteilt, dass Sie nicht verfolgt werden wollen (\u201eDo Not Track\u201c-Option). F\u00fcr:<\/p>\n<p><span style=\"font-size: 16.8px;\">&#8211; Internet Explorer\u2122 :\u00a0<\/span><a target=\"_blank\" href=\"http:\/\/windows.microsoft.com\/fr-fr\/internet-explorer\/use-tracking-protection#ie=ie-11\" rel=\"noopener\">http:\/\/windows.microsoft.com\/fr-fr\/internet-explorer\/use-tracking-protection#ie=ie-11<\/a><br style=\"font-size: 16.8px;\" \/><span style=\"font-size: 16.8px;\">&#8211; Safari\u2122 :\u00a0<\/span><a target=\"_blank\" href=\"http:\/\/support.apple.com\/kb\/PH11952\" rel=\"noopener\">http:\/\/support.apple.com\/kb\/PH11952<\/a><br style=\"font-size: 16.8px;\" \/><span style=\"font-size: 16.8px;\">&#8211; Chrome\u2122 :\u00a0<\/span><a target=\"_blank\" href=\"https:\/\/support.google.com\/chrome\/answer\/114836\" rel=\"noopener\">https:\/\/support.google.com\/chrome\/answer\/114836?<\/a><br style=\"font-size: 16.8px;\" \/><span style=\"font-size: 16.8px;\">&#8211; Firefox\u2122 :\u00a0<\/span><a target=\"_blank\" href=\"https:\/\/support.mozilla.org\/fr\/kb\/comment-activer-option-ne-pas-pister\" rel=\"noopener\">https:\/\/support.mozilla.org\/fr\/kb\/comment-activer-option-ne-pas-pister<\/a><br style=\"font-size: 16.8px;\" \/><span style=\"font-size: 16.8px;\">&#8211; Opera\u2122 :\u00a0<\/span><a target=\"_blank\" href=\"http:\/\/help.opera.com\/Windows\/12.10\/fr\/notrack.html\" rel=\"noopener\">http:\/\/help.opera.com\/Windows\/12.10\/fr\/notrack.html<\/a><\/p>\t\t\t\t\t\t<\/div>\n\t\t\t\t<\/div>\n\t\t\t\t\t<\/div>\n\t\t<\/div>\n\t\t\t\t\t\t\t<\/div>\n\t\t<\/section>\n\t\t\t\t\t\t\t<\/div>\n\t\t","protected":false},"excerpt":{"rendered":"<p>Impressum Herausgeber:ROTOMADE4-5 ZAE Le Triangle Vert 5691 ELLANGE Luxembourg+352 26 65 00 26contact@rotomade.com Pagegrafiker :\u00a0OCIHosting : Die Webseite ist bei\u00a0 OCI gehostet Urheberrechtshinweis Die vollst\u00e4ndige oder teilweise Vervielf\u00e4ltigung dieser Website \u2013 mit Ausnahme der in Artikel L. 122-5 Code de la Propri\u00e9t\u00e9 Intellectuelle [franz\u00f6sisches Gesetz \u00fcber das geistige Eigentum] vorgesehenen F\u00e4lle \u2013 ist nicht ohne [&hellip;]<\/p>\n","protected":false},"author":4,"featured_media":0,"parent":0,"menu_order":8,"comment_status":"closed","ping_status":"closed","template":"","meta":[],"yoast_head":"<!-- This site is optimized with the Yoast SEO plugin v17.5 - https:\/\/yoast.com\/wordpress\/plugins\/seo\/ -->\n<title>Impressum - Rotomade<\/title>\n<meta name=\"robots\" content=\"noindex, nofollow\" \/>\n<meta property=\"og:locale\" content=\"de_DE\" \/>\n<meta property=\"og:type\" content=\"article\" \/>\n<meta property=\"og:title\" content=\"Impressum - Rotomade\" \/>\n<meta property=\"og:description\" content=\"Impressum Herausgeber:ROTOMADE4-5 ZAE Le Triangle Vert 5691 ELLANGE Luxembourg+352 26 65 00 26contact@rotomade.com Pagegrafiker :\u00a0OCIHosting : Die Webseite ist bei\u00a0 OCI gehostet Urheberrechtshinweis Die vollst\u00e4ndige oder teilweise Vervielf\u00e4ltigung dieser Website \u2013 mit Ausnahme der in Artikel L. 122-5 Code de la Propri\u00e9t\u00e9 Intellectuelle [franz\u00f6sisches Gesetz \u00fcber das geistige Eigentum] vorgesehenen F\u00e4lle \u2013 ist nicht ohne [&hellip;]\" \/>\n<meta property=\"og:url\" content=\"https:\/\/www.rotomade.com\/de\/impressum\/\" \/>\n<meta property=\"og:site_name\" content=\"Rotomade\" \/>\n<meta property=\"article:modified_time\" content=\"2020-02-20T14:30:40+00:00\" \/>\n<meta name=\"twitter:card\" content=\"summary_large_image\" \/>\n<meta name=\"twitter:label1\" content=\"Gesch\u00e4tzte Lesezeit\" \/>\n\t<meta name=\"twitter:data1\" content=\"10 Minuten\" \/>\n<script type=\"application\/ld+json\" class=\"yoast-schema-graph\">{\"@context\":\"https:\/\/schema.org\",\"@graph\":[{\"@type\":\"WebSite\",\"@id\":\"https:\/\/www.rotomade.com\/#website\",\"url\":\"https:\/\/www.rotomade.com\/\",\"name\":\"Rotomade\",\"description\":\"Rotomoulage\",\"potentialAction\":[{\"@type\":\"SearchAction\",\"target\":{\"@type\":\"EntryPoint\",\"urlTemplate\":\"https:\/\/www.rotomade.com\/?s={search_term_string}\"},\"query-input\":\"required name=search_term_string\"}],\"inLanguage\":\"de-DE\"},{\"@type\":\"WebPage\",\"@id\":\"https:\/\/www.rotomade.com\/de\/impressum\/#webpage\",\"url\":\"https:\/\/www.rotomade.com\/de\/impressum\/\",\"name\":\"Impressum - Rotomade\",\"isPartOf\":{\"@id\":\"https:\/\/www.rotomade.com\/#website\"},\"datePublished\":\"2019-02-26T11:10:03+00:00\",\"dateModified\":\"2020-02-20T14:30:40+00:00\",\"breadcrumb\":{\"@id\":\"https:\/\/www.rotomade.com\/de\/impressum\/#breadcrumb\"},\"inLanguage\":\"de-DE\",\"potentialAction\":[{\"@type\":\"ReadAction\",\"target\":[\"https:\/\/www.rotomade.com\/de\/impressum\/\"]}]},{\"@type\":\"BreadcrumbList\",\"@id\":\"https:\/\/www.rotomade.com\/de\/impressum\/#breadcrumb\",\"itemListElement\":[{\"@type\":\"ListItem\",\"position\":1,\"name\":\"AccueilHomeHome\",\"item\":\"https:\/\/www.rotomade.com\/de\/\"},{\"@type\":\"ListItem\",\"position\":2,\"name\":\"Impressum\"}]}]}<\/script>\n<!-- \/ Yoast SEO plugin. -->","yoast_head_json":{"title":"Impressum - Rotomade","robots":{"index":"noindex","follow":"nofollow"},"og_locale":"de_DE","og_type":"article","og_title":"Impressum - Rotomade","og_description":"Impressum Herausgeber:ROTOMADE4-5 ZAE Le Triangle Vert 5691 ELLANGE Luxembourg+352 26 65 00 26contact@rotomade.com Pagegrafiker :\u00a0OCIHosting : Die Webseite ist bei\u00a0 OCI gehostet Urheberrechtshinweis Die vollst\u00e4ndige oder teilweise Vervielf\u00e4ltigung dieser Website \u2013 mit Ausnahme der in Artikel L. 122-5 Code de la Propri\u00e9t\u00e9 Intellectuelle [franz\u00f6sisches Gesetz \u00fcber das geistige Eigentum] vorgesehenen F\u00e4lle \u2013 ist nicht ohne [&hellip;]","og_url":"https:\/\/www.rotomade.com\/de\/impressum\/","og_site_name":"Rotomade","article_modified_time":"2020-02-20T14:30:40+00:00","twitter_card":"summary_large_image","twitter_misc":{"Gesch\u00e4tzte Lesezeit":"10 Minuten"},"schema":{"@context":"https:\/\/schema.org","@graph":[{"@type":"WebSite","@id":"https:\/\/www.rotomade.com\/#website","url":"https:\/\/www.rotomade.com\/","name":"Rotomade","description":"Rotomoulage","potentialAction":[{"@type":"SearchAction","target":{"@type":"EntryPoint","urlTemplate":"https:\/\/www.rotomade.com\/?s={search_term_string}"},"query-input":"required name=search_term_string"}],"inLanguage":"de-DE"},{"@type":"WebPage","@id":"https:\/\/www.rotomade.com\/de\/impressum\/#webpage","url":"https:\/\/www.rotomade.com\/de\/impressum\/","name":"Impressum - Rotomade","isPartOf":{"@id":"https:\/\/www.rotomade.com\/#website"},"datePublished":"2019-02-26T11:10:03+00:00","dateModified":"2020-02-20T14:30:40+00:00","breadcrumb":{"@id":"https:\/\/www.rotomade.com\/de\/impressum\/#breadcrumb"},"inLanguage":"de-DE","potentialAction":[{"@type":"ReadAction","target":["https:\/\/www.rotomade.com\/de\/impressum\/"]}]},{"@type":"BreadcrumbList","@id":"https:\/\/www.rotomade.com\/de\/impressum\/#breadcrumb","itemListElement":[{"@type":"ListItem","position":1,"name":"AccueilHomeHome","item":"https:\/\/www.rotomade.com\/de\/"},{"@type":"ListItem","position":2,"name":"Impressum"}]}]}},"_links":{"self":[{"href":"https:\/\/www.rotomade.com\/de\/wp-json\/wp\/v2\/pages\/4577"}],"collection":[{"href":"https:\/\/www.rotomade.com\/de\/wp-json\/wp\/v2\/pages"}],"about":[{"href":"https:\/\/www.rotomade.com\/de\/wp-json\/wp\/v2\/types\/page"}],"author":[{"embeddable":true,"href":"https:\/\/www.rotomade.com\/de\/wp-json\/wp\/v2\/users\/4"}],"replies":[{"embeddable":true,"href":"https:\/\/www.rotomade.com\/de\/wp-json\/wp\/v2\/comments?post=4577"}],"version-history":[{"count":0,"href":"https:\/\/www.rotomade.com\/de\/wp-json\/wp\/v2\/pages\/4577\/revisions"}],"wp:attachment":[{"href":"https:\/\/www.rotomade.com\/de\/wp-json\/wp\/v2\/media?parent=4577"}],"curies":[{"name":"wp","href":"https:\/\/api.w.org\/{rel}","templated":true}]}}